{"id":468,"date":"2015-10-16T12:33:57","date_gmt":"2015-10-16T10:33:57","guid":{"rendered":"http:\/\/www.ekonomservis.sk\/?page_id=468"},"modified":"2015-10-29T23:22:39","modified_gmt":"2015-10-29T21:22:39","slug":"napisali-o-nas","status":"publish","type":"page","link":"https:\/\/www.ekonomservis.sk\/index.php\/napisali-o-nas\/","title":{"rendered":"Nap\u00edsali o n\u00e1s"},"content":{"rendered":"<h1 style=\"text-align: center;\">Pravda<\/h1>\n<style type=\"text\/css\">\r\n\t#foogallery-gallery-477 .fg-image {\r\n        width: 150px;\r\n    }\r\n<\/style>\r\n\t\t\t\t<div class=\"foogallery foogallery-container foogallery-default foogallery-lightbox-foogallery fg-gutter-10 fg-center fg-default fg-light fg-border-thin fg-shadow-outline fg-loading-default fg-loaded-fade-in fg-caption-hover fg-hover-fade fg-hover-zoom fg-ready\" id=\"foogallery-gallery-477\" data-foogallery=\"{&quot;item&quot;:{&quot;showCaptionTitle&quot;:true,&quot;showCaptionDescription&quot;:true},&quot;lazy&quot;:true}\" data-foogallery-lightbox=\"{&quot;thumbs&quot;:&quot;bottom&quot;,&quot;thumbsCaptions&quot;:false,&quot;thumbsBestFit&quot;:false,&quot;thumbsSmall&quot;:false,&quot;thumbsCaptionsAlign&quot;:&quot;default&quot;,&quot;info&quot;:&quot;bottom&quot;,&quot;infoVisible&quot;:true,&quot;infoOverlay&quot;:true,&quot;infoAlign&quot;:&quot;default&quot;,&quot;transition&quot;:&quot;fade&quot;,&quot;hoverButtons&quot;:false,&quot;fitMedia&quot;:false,&quot;noScrollbars&quot;:true,&quot;preserveButtonSpace&quot;:true,&quot;buttons&quot;:{&quot;fullscreen&quot;:true,&quot;info&quot;:true,&quot;thumbs&quot;:false},&quot;video&quot;:{&quot;autoPlay&quot;:true}}\" >\r\n\t<div class=\"fg-item fg-type-image fg-idle\"><figure class=\"fg-item-inner\"><a href=\"https:\/\/www.ekonomservis.sk\/wp-content\/uploads\/2015\/10\/Pravda-20.02.2015.jpg\" data-attachment-id=\"473\" data-type=\"image\" class=\"fg-thumb\"><span class=\"fg-image-wrap\"><img decoding=\"async\" alt=\"Ekonomservis, Pravda - 20.02.2015\" width=\"150\" height=\"150\" class=\"skip-lazy fg-image\" data-src-fg=\"https:\/\/www.ekonomservis.sk\/wp-content\/uploads\/cache\/2015\/10\/Pravda-20_02_2015\/2983295075.jpg\" src=\"data:image\/svg+xml,%3Csvg%20xmlns%3D%22http%3A%2F%2Fwww.w3.org%2F2000%2Fsvg%22%20width%3D%22150%22%20height%3D%22150%22%20viewBox%3D%220%200%20150%20150%22%3E%3C%2Fsvg%3E\" loading=\"eager\"><\/span><span class=\"fg-image-overlay\"><\/span><\/a><figcaption class=\"fg-caption\"><div class=\"fg-caption-inner\"><\/div><\/figcaption><\/figure><div class=\"fg-loader\"><\/div><\/div><\/div>\r\n\n<h1 style=\"text-align: center;\">MY Z\u00e1horie<\/h1>\n<style type=\"text\/css\">\r\n\t#foogallery-gallery-475 .fg-image {\r\n        width: 150px;\r\n    }\r\n<\/style>\r\n\t\t\t\t<div class=\"foogallery foogallery-container foogallery-default foogallery-lightbox-foogallery fg-gutter-10 fg-center fg-default fg-light fg-border-thin fg-shadow-outline fg-loading-default fg-loaded-fade-in fg-caption-hover fg-hover-fade fg-hover-zoom fg-ready\" id=\"foogallery-gallery-475\" data-foogallery=\"{&quot;item&quot;:{&quot;showCaptionTitle&quot;:true,&quot;showCaptionDescription&quot;:true},&quot;lazy&quot;:true}\" data-foogallery-lightbox=\"{&quot;thumbs&quot;:&quot;bottom&quot;,&quot;thumbsCaptions&quot;:false,&quot;thumbsBestFit&quot;:false,&quot;thumbsSmall&quot;:false,&quot;thumbsCaptionsAlign&quot;:&quot;default&quot;,&quot;info&quot;:&quot;bottom&quot;,&quot;infoVisible&quot;:true,&quot;infoOverlay&quot;:true,&quot;infoAlign&quot;:&quot;default&quot;,&quot;transition&quot;:&quot;fade&quot;,&quot;hoverButtons&quot;:false,&quot;fitMedia&quot;:false,&quot;noScrollbars&quot;:true,&quot;preserveButtonSpace&quot;:true,&quot;buttons&quot;:{&quot;fullscreen&quot;:true,&quot;info&quot;:true,&quot;thumbs&quot;:false},&quot;video&quot;:{&quot;autoPlay&quot;:true}}\" >\r\n\t<div class=\"fg-item fg-type-image fg-idle\"><figure class=\"fg-item-inner\"><a href=\"https:\/\/www.ekonomservis.sk\/wp-content\/uploads\/2015\/10\/MY-Zahorie-special-august-2015-001.jpg\" data-attachment-id=\"470\" data-type=\"image\" class=\"fg-thumb\"><span class=\"fg-image-wrap\"><img decoding=\"async\" alt=\"Ekonomservis, MY Z\u00e1horie, \u0161peci\u00e1l, august 2015\" width=\"150\" height=\"150\" class=\"skip-lazy fg-image\" data-src-fg=\"https:\/\/www.ekonomservis.sk\/wp-content\/uploads\/cache\/2015\/10\/MY-Zahorie-special-august-2015-001\/1148784169.jpg\" src=\"data:image\/svg+xml,%3Csvg%20xmlns%3D%22http%3A%2F%2Fwww.w3.org%2F2000%2Fsvg%22%20width%3D%22150%22%20height%3D%22150%22%20viewBox%3D%220%200%20150%20150%22%3E%3C%2Fsvg%3E\" loading=\"eager\"><\/span><span class=\"fg-image-overlay\"><\/span><\/a><figcaption class=\"fg-caption\"><div class=\"fg-caption-inner\"><\/div><\/figcaption><\/figure><div class=\"fg-loader\"><\/div><\/div><div class=\"fg-item fg-type-image fg-idle\"><figure class=\"fg-item-inner\"><a href=\"https:\/\/www.ekonomservis.sk\/wp-content\/uploads\/2015\/10\/MY-Zahorie-special-august-2015-002.jpg\" data-attachment-id=\"471\" data-type=\"image\" class=\"fg-thumb\"><span class=\"fg-image-wrap\"><img decoding=\"async\" alt=\"Ekonomservis, MY Z\u00e1horie, \u0161peci\u00e1l, august 2015\" width=\"150\" height=\"150\" class=\"skip-lazy fg-image\" data-src-fg=\"https:\/\/www.ekonomservis.sk\/wp-content\/uploads\/cache\/2015\/10\/MY-Zahorie-special-august-2015-002\/2476377163.jpg\" src=\"data:image\/svg+xml,%3Csvg%20xmlns%3D%22http%3A%2F%2Fwww.w3.org%2F2000%2Fsvg%22%20width%3D%22150%22%20height%3D%22150%22%20viewBox%3D%220%200%20150%20150%22%3E%3C%2Fsvg%3E\" loading=\"eager\"><\/span><span class=\"fg-image-overlay\"><\/span><\/a><figcaption class=\"fg-caption\"><div class=\"fg-caption-inner\"><\/div><\/figcaption><\/figure><div class=\"fg-loader\"><\/div><\/div><\/div>\r\n\n<h1 style=\"text-align: center;\">Z\u00e1hor\u00e1k<\/h1>\n<style type=\"text\/css\">\r\n\t#foogallery-gallery-478 .fg-image {\r\n        width: 150px;\r\n    }\r\n<\/style>\r\n\t\t\t\t<div class=\"foogallery foogallery-container foogallery-default foogallery-lightbox-foogallery fg-gutter-10 fg-center fg-default fg-light fg-border-thin fg-shadow-outline fg-loading-default fg-loaded-fade-in fg-caption-hover fg-hover-fade fg-hover-zoom fg-ready\" id=\"foogallery-gallery-478\" data-foogallery=\"{&quot;item&quot;:{&quot;showCaptionTitle&quot;:true,&quot;showCaptionDescription&quot;:true},&quot;lazy&quot;:true}\" data-foogallery-lightbox=\"{&quot;thumbs&quot;:&quot;bottom&quot;,&quot;thumbsCaptions&quot;:false,&quot;thumbsBestFit&quot;:false,&quot;thumbsSmall&quot;:false,&quot;thumbsCaptionsAlign&quot;:&quot;default&quot;,&quot;info&quot;:&quot;bottom&quot;,&quot;infoVisible&quot;:true,&quot;infoOverlay&quot;:true,&quot;infoAlign&quot;:&quot;default&quot;,&quot;transition&quot;:&quot;fade&quot;,&quot;hoverButtons&quot;:false,&quot;fitMedia&quot;:false,&quot;noScrollbars&quot;:true,&quot;preserveButtonSpace&quot;:true,&quot;buttons&quot;:{&quot;fullscreen&quot;:true,&quot;info&quot;:true,&quot;thumbs&quot;:false},&quot;video&quot;:{&quot;autoPlay&quot;:true}}\" >\r\n\t<div class=\"fg-item fg-type-image fg-idle\"><figure class=\"fg-item-inner\"><a href=\"https:\/\/www.ekonomservis.sk\/wp-content\/uploads\/2015\/10\/Zahorak-14.04.2014.jpg\" data-attachment-id=\"474\" data-type=\"image\" class=\"fg-thumb\"><span class=\"fg-image-wrap\"><img decoding=\"async\" alt=\"Ekonomservis, Z\u00e1hor\u00e1k - 14.04.2014\" width=\"150\" height=\"150\" class=\"skip-lazy fg-image\" data-src-fg=\"https:\/\/www.ekonomservis.sk\/wp-content\/uploads\/cache\/2015\/10\/Zahorak-14_04_2014\/3626378513.jpg\" src=\"data:image\/svg+xml,%3Csvg%20xmlns%3D%22http%3A%2F%2Fwww.w3.org%2F2000%2Fsvg%22%20width%3D%22150%22%20height%3D%22150%22%20viewBox%3D%220%200%20150%20150%22%3E%3C%2Fsvg%3E\" loading=\"eager\"><\/span><span class=\"fg-image-overlay\"><\/span><\/a><figcaption class=\"fg-caption\"><div class=\"fg-caption-inner\"><\/div><\/figcaption><\/figure><div class=\"fg-loader\"><\/div><\/div><\/div>\r\n\n<h1 style=\"text-align: center;\">OSBD \u017dilina<\/h1>\n<style type=\"text\/css\">\r\n\t#foogallery-gallery-476 .fg-image {\r\n        width: 150px;\r\n    }\r\n<\/style>\r\n\t\t\t\t<div class=\"foogallery foogallery-container foogallery-default foogallery-lightbox-foogallery fg-gutter-10 fg-center fg-default fg-light fg-border-thin fg-shadow-outline fg-loading-default fg-loaded-fade-in fg-caption-hover fg-hover-fade fg-hover-zoom fg-ready\" id=\"foogallery-gallery-476\" data-foogallery=\"{&quot;item&quot;:{&quot;showCaptionTitle&quot;:true,&quot;showCaptionDescription&quot;:true},&quot;lazy&quot;:true}\" data-foogallery-lightbox=\"{&quot;thumbs&quot;:&quot;bottom&quot;,&quot;thumbsCaptions&quot;:false,&quot;thumbsBestFit&quot;:false,&quot;thumbsSmall&quot;:false,&quot;thumbsCaptionsAlign&quot;:&quot;default&quot;,&quot;info&quot;:&quot;bottom&quot;,&quot;infoVisible&quot;:true,&quot;infoOverlay&quot;:true,&quot;infoAlign&quot;:&quot;default&quot;,&quot;transition&quot;:&quot;fade&quot;,&quot;hoverButtons&quot;:false,&quot;fitMedia&quot;:false,&quot;noScrollbars&quot;:true,&quot;preserveButtonSpace&quot;:true,&quot;buttons&quot;:{&quot;fullscreen&quot;:true,&quot;info&quot;:true,&quot;thumbs&quot;:false},&quot;video&quot;:{&quot;autoPlay&quot;:true}}\" >\r\n\t<div class=\"fg-item fg-type-image fg-idle\"><figure class=\"fg-item-inner\"><a href=\"https:\/\/www.ekonomservis.sk\/wp-content\/uploads\/2015\/10\/OSBD-ZILINA-spravca-Vasho-domova-1-2015.jpg\" data-attachment-id=\"472\" data-type=\"image\" class=\"fg-thumb\"><span class=\"fg-image-wrap\"><img decoding=\"async\" alt=\"Ekonomservis, OSBD \u017dILINA spr\u00e1vca V\u00e1\u0161ho domova 1-2015\" width=\"150\" height=\"150\" class=\"skip-lazy fg-image\" data-src-fg=\"https:\/\/www.ekonomservis.sk\/wp-content\/uploads\/cache\/2015\/10\/OSBD-ZILINA-spravca-Vasho-domova-1-2015\/3354060619.jpg\" src=\"data:image\/svg+xml,%3Csvg%20xmlns%3D%22http%3A%2F%2Fwww.w3.org%2F2000%2Fsvg%22%20width%3D%22150%22%20height%3D%22150%22%20viewBox%3D%220%200%20150%20150%22%3E%3C%2Fsvg%3E\" loading=\"eager\"><\/span><span class=\"fg-image-overlay\"><\/span><\/a><figcaption class=\"fg-caption\"><div class=\"fg-caption-inner\"><\/div><\/figcaption><\/figure><div class=\"fg-loader\"><\/div><\/div><\/div>\r\n\n<h1 style=\"text-align: center;\">Spr\u00e1vca bytov\u00fdch domov<\/h1>\n\n<!-- Generated using Document Gallery. Get yours here: http:\/\/wordpress.org\/extend\/plugins\/document-gallery -->\n<div id=\"document-gallery-1\" class=\"document-gallery\" data-shortcode='{\"id\":468,\"include\":\"571\",\"exclude\":\"\",\"attachment_pg\":false,\"descriptions\":false,\"fancy\":true,\"mime_types\":\"application,video,text,audio,image\",\"order\":\"ASC\",\"orderby\":\"post__in\",\"relation\":\"AND\",\"post_status\":\"any\",\"post_type\":\"attachment\",\"limit\":-1,\"columns\":1,\"new_window\":true,\"paginate\":true,\"skip\":0}' data-icon-width='99'>\n<div class='document-icon-row'>\n   <div class=\"document-icon\">\n      <a href=\"https:\/\/www.ekonomservis.sk\/wp-content\/uploads\/2015\/10\/SBD_022015.pdf\" target=\"_blank\">\n         <img decoding=\"async\" src=\"https:\/\/www.ekonomservis.sk\/wp-content\/plugins\/document-gallery\/assets\/icons\/pdf.png\" title=\"Spr\u00e1vca bytov\u00fdch domov 2\/2015\" alt=\"Spr\u00e1vca bytov\u00fdch domov 2\/2015\" data-ext=\"pdf\"\/>\n         <span class=\"title\">Spr\u00e1vca bytov\u00fdch domov 2\/2015<\/span>\n      <\/a>\n   <\/div>\n\n<\/div>\n<\/div>\n<h1 style=\"text-align: center;\">Baumit magaz\u00edn<\/h1>\n<p style=\"text-align: center;\">\n<!-- Generated using Document Gallery. Get yours here: http:\/\/wordpress.org\/extend\/plugins\/document-gallery -->\n<div id=\"document-gallery-2\" class=\"document-gallery\" data-shortcode='{\"id\":468,\"include\":\"634\",\"exclude\":\"\",\"attachment_pg\":false,\"descriptions\":false,\"fancy\":true,\"mime_types\":\"application,video,text,audio,image\",\"order\":\"ASC\",\"orderby\":\"post__in\",\"relation\":\"AND\",\"post_status\":\"any\",\"post_type\":\"attachment\",\"limit\":-1,\"columns\":1,\"new_window\":true,\"paginate\":true,\"skip\":0}' data-icon-width='99'>\n<div class='document-icon-row'>\n   <div class=\"document-icon\">\n      <a href=\"https:\/\/www.ekonomservis.sk\/wp-content\/uploads\/2015\/10\/Baumit_Magazin_2012_2.pdf\" target=\"_blank\">\n         <img decoding=\"async\" src=\"https:\/\/www.ekonomservis.sk\/wp-content\/plugins\/document-gallery\/assets\/icons\/pdf.png\" title=\"Baumit Magaz\u00edn 2\/2012\" alt=\"Baumit Magaz\u00edn 2\/2012\" data-ext=\"pdf\"\/>\n         <span class=\"title\">Baumit Magaz\u00edn 2\/2012<\/span>\n      <\/a>\n   <\/div>\n\n<\/div>\n<\/div><\/p>\n","protected":false},"excerpt":{"rendered":"<p>Pravda MY Z\u00e1horie Z\u00e1hor\u00e1k OSBD \u017dilina Spr\u00e1vca bytov\u00fdch domov Baumit magaz\u00edn<\/p>\n","protected":false},"author":1,"featured_media":0,"parent":0,"menu_order":0,"comment_status":"closed","ping_status":"closed","template":"","meta":{"_monsterinsights_skip_tracking":false,"_monsterinsights_sitenote_active":false,"_monsterinsights_sitenote_note":"","_monsterinsights_sitenote_category":0,"footnotes":""},"class_list":["post-468","page","type-page","status-publish","hentry"],"aioseo_notices":[],"_links":{"self":[{"href":"https:\/\/www.ekonomservis.sk\/index.php\/wp-json\/wp\/v2\/pages\/468","targetHints":{"allow":["GET"]}}],"collection":[{"href":"https:\/\/www.ekonomservis.sk\/index.php\/wp-json\/wp\/v2\/pages"}],"about":[{"href":"https:\/\/www.ekonomservis.sk\/index.php\/wp-json\/wp\/v2\/types\/page"}],"author":[{"embeddable":true,"href":"https:\/\/www.ekonomservis.sk\/index.php\/wp-json\/wp\/v2\/users\/1"}],"replies":[{"embeddable":true,"href":"https:\/\/www.ekonomservis.sk\/index.php\/wp-json\/wp\/v2\/comments?post=468"}],"version-history":[{"count":17,"href":"https:\/\/www.ekonomservis.sk\/index.php\/wp-json\/wp\/v2\/pages\/468\/revisions"}],"predecessor-version":[{"id":639,"href":"https:\/\/www.ekonomservis.sk\/index.php\/wp-json\/wp\/v2\/pages\/468\/revisions\/639"}],"wp:attachment":[{"href":"https:\/\/www.ekonomservis.sk\/index.php\/wp-json\/wp\/v2\/media?parent=468"}],"curies":[{"name":"wp","href":"https:\/\/api.w.org\/{rel}","templated":true}]}}